{"id":24,"date":"2024-08-31T19:44:38","date_gmt":"2024-08-31T19:44:38","guid":{"rendered":"http:\/\/lidizhory.cz\/?page_id=24"},"modified":"2025-10-17T14:39:33","modified_gmt":"2025-10-17T14:39:33","slug":"montani","status":"publish","type":"page","link":"https:\/\/lidizhory.cz\/montani\/","title":{"rendered":"Mont\u00e1ni"},"content":{"rendered":"<div class=\"wp-classic-menu-block \"><ul id=\"menu-hlavni\" class=\"menu\"><li id=\"menu-item-40\" class=\"menu-item menu-item-type-post_type menu-item-object-page menu-item-40\"><a href=\"https:\/\/lidizhory.cz\/montani\/o-nas\/\">O n\u00e1s<\/a><\/li>\n<li id=\"menu-item-39\" class=\"menu-item menu-item-type-post_type menu-item-object-page menu-item-39\"><a href=\"https:\/\/lidizhory.cz\/montani\/montani\/projekty\/\">Projekty<\/a><\/li>\n<li id=\"menu-item-38\" class=\"menu-item menu-item-type-post_type menu-item-object-page current_page_parent menu-item-38\"><a href=\"https:\/\/lidizhory.cz\/montani\/montani\/pro-tisk\/\">Pro tisk<\/a><\/li>\n<li id=\"menu-item-227\" class=\"menu-item menu-item-type-post_type menu-item-object-page menu-item-227\"><a href=\"https:\/\/lidizhory.cz\/montani\/publikovano\/\">Publikov\u00e1no<\/a><\/li>\n<li id=\"menu-item-37\" class=\"menu-item menu-item-type-post_type menu-item-object-page menu-item-37\"><a href=\"https:\/\/lidizhory.cz\/montani\/kontakt\/\">Kontakt<\/a><\/li>\n<\/ul><\/div>\n\n\n<pre class=\"wp-block-preformatted\">\"P\u00ed\u0161e se rok 1289. M\u011bsta Kol\u00edn a \u010c\u00e1slav \u0159e\u0161\u00ed spor o spr\u00e1vu hornick\u00e9 \u010dinnosti na hranici sv\u00fdch pravomoc\u00ed. Spor je urovn\u00e1n, dohodou a seps\u00e1n\u00edm na v\u011bdom\u00ed budouc\u00edm se d\u00e1v\u00e1, jak si kl\u00ed\u010dov\u00ed hr\u00e1\u010di rozd\u011bl\u00ed vliv a t\u00edm i p\u0159edpokl\u00e1dan\u00e9 bohatstv\u00ed kutnohorsk\u00e9ho d\u016fln\u00edho \u00fazem\u00ed.<br>Pro n\u00e1s je nejzaj\u00edmav\u011bj\u0161\u00ed to, kdo byli kl\u00ed\u010dov\u00ed hr\u00e1\u010di tehdej\u0161\u00edho sporu a jak jsou jmenov\u00e1ni. Jako prvn\u00ed je uveden kutnohorsk\u00fd hormistr, Syboto, titulovan\u00fd v listin\u011b Magister Montium. D\u00e1le jeho bratr Markvart a Albert ze \u0160lap\u00e1nova. Jako dal\u0161\u00ed jsou uvedeni m\u011bst\u0161t\u00ed rycht\u00e1\u0159i a p\u0159\u00edse\u017en\u00ed, to jest z\u00e1stupci m\u011bsta pod profesn\u00ed p\u0159\u00edsahou. <br>Pro n\u00e1s nejpodstatn\u011bj\u0161\u00ed z\u00e1stupci jsou uvedeni jako posledn\u00ed. Montani, lid\u00e9 z Hory \u010di od Hory. Lid\u00e9 nejasn\u00e9ho ukotven\u00ed v pr\u00e1vn\u00edm \u0159\u00e1du sv\u00e9 doby. Patrn\u011b lid\u00e9 r\u016fzn\u00e9ho p\u016fvodu a profese, kter\u00e9 pojilo jedin\u00e9 \u2013 rod\u00edc\u00ed se kutnohorsk\u00e9 hornictv\u00ed.<br>I my jsme spole\u010denstv\u00edm lid\u00ed r\u016fzn\u00fdch profes\u00ed, jsme z odli\u0161n\u00fdch kout\u016f republiky, spojuje n\u00e1s v\u0161ak dlouhodob\u00fd z\u00e1jem o historick\u00e9 hornictv\u00ed a zejm\u00e9na jeho podzemn\u00ed stopy. Zaj\u00edmaj\u00ed n\u00e1s pam\u00e1tky v podob\u011b d\u016fln\u00edch d\u011bl, kter\u00e9 n\u00e1m m\u016f\u017eou je\u0161t\u011b dnes mnoho \u0159\u00edci o dob\u011b, kdy vzkv\u00e9talo i upadalo bohatstv\u00ed a sl\u00e1va nejen Kutn\u00e9 Hory, ale i dal\u0161\u00edch m\u011bst a m\u00edst, jejich\u017e ko\u0159eny jsou s hornictv\u00edm spojen\u00e9.<br>Odkr\u00fdv\u00e1n\u00ed \u010dasto stalet\u00ed nep\u0159\u00edstupn\u00fdch dol\u016f je pracn\u00e9 a m\u00e1 sv\u00e1 rizika. My v\u0161ak vid\u00edme smysl v tom, naj\u00edt a uk\u00e1zat stopy d\u016fmyslu, vytrvalosti a technick\u00e9 zdatnosti na\u0161ich p\u0159edk\u016f. Chceme pochopit, jak a pro\u010d kter\u00fd d\u016fl vznikl a jak\u00fd byl jeho p\u0159\u00edb\u011bh. Zda dok\u00e1zal naj\u00edt dost rudy, aby se zaplatila pr\u00e1ce horn\u00edk\u016f a hutn\u00edk\u016f, jak\u00e9 technick\u00e9 postupy sta\u0159\u00ed hav\u00ed\u0159i dok\u00e1zali vyu\u017e\u00edt a kde pr\u00e1ce uv\u00e1zla na technick\u00fdch limitech, kter\u00e9 ve sv\u00e9 dob\u011b nedok\u00e1zali p\u0159ekonat. Trval\u00e9 podzemn\u00ed soupe\u0159en\u00ed \u010dlov\u011bka s p\u0159\u00edrodn\u00edm prost\u0159ed\u00edm i vlastn\u00edmi limity je u\u017eite\u010dnou paralelou k dne\u0161n\u00ed dob\u011b, kter\u00e9 \u010dasto hled\u00e1 smysl i tam, kde ho d\u0159\u00edve tak jasn\u011b vid\u011bla.\"<\/pre>\n\n\n\n<p><\/p>\n","protected":false},"excerpt":{"rendered":"<p>&#8220;P\u00ed\u0161e se rok 1289. M\u011bsta Kol\u00edn a \u010c\u00e1slav \u0159e\u0161\u00ed spor o spr\u00e1vu hornick\u00e9 \u010dinnosti na hranici sv\u00fdch pravomoc\u00ed. Spor je &hellip; <\/p>\n","protected":false},"author":1,"featured_media":0,"parent":0,"menu_order":0,"comment_status":"closed","ping_status":"closed","template":"template-home.php","meta":{"ngg_post_thumbnail":0,"footnotes":""},"wf_page_folders":[13],"class_list":["post-24","page","type-page","status-publish","hentry"],"_links":{"self":[{"href":"https:\/\/lidizhory.cz\/montani\/wp-json\/wp\/v2\/pages\/24","targetHints":{"allow":["GET"]}}],"collection":[{"href":"https:\/\/lidizhory.cz\/montani\/wp-json\/wp\/v2\/pages"}],"about":[{"href":"https:\/\/lidizhory.cz\/montani\/wp-json\/wp\/v2\/types\/page"}],"author":[{"embeddable":true,"href":"https:\/\/lidizhory.cz\/montani\/wp-json\/wp\/v2\/users\/1"}],"replies":[{"embeddable":true,"href":"https:\/\/lidizhory.cz\/montani\/wp-json\/wp\/v2\/comments?post=24"}],"version-history":[{"count":10,"href":"https:\/\/lidizhory.cz\/montani\/wp-json\/wp\/v2\/pages\/24\/revisions"}],"predecessor-version":[{"id":154,"href":"https:\/\/lidizhory.cz\/montani\/wp-json\/wp\/v2\/pages\/24\/revisions\/154"}],"wp:attachment":[{"href":"https:\/\/lidizhory.cz\/montani\/wp-json\/wp\/v2\/media?parent=24"}],"wp:term":[{"taxonomy":"wf_page_folders","embeddable":true,"href":"https:\/\/lidizhory.cz\/montani\/wp-json\/wp\/v2\/wf_page_folders?post=24"}],"curies":[{"name":"wp","href":"https:\/\/api.w.org\/{rel}","templated":true}]}}